{"id":1122,"date":"2019-01-30T11:09:14","date_gmt":"2019-01-30T11:09:14","guid":{"rendered":"http:\/\/plataforma-autorrepresentantes.pt\/?page_id=1122"},"modified":"2019-01-30T11:54:00","modified_gmt":"2019-01-30T11:54:00","slug":"projeto-dar-voz-espinho","status":"publish","type":"page","link":"https:\/\/plataforma-autorrepresentantes.pt\/?page_id=1122","title":{"rendered":"Projeto Dar Voz Espinho"},"content":{"rendered":"<p style=\"font-weight: 400;\"><strong>Projeto Dar Voz! \u2013 Espinho<\/strong><\/p>\n<p style=\"font-weight: 400;\"><strong>A\u00e7\u00e3o de capacita\u00e7\u00e3o em Espinho, no dia 24 de setembro<\/strong><\/p>\n<p style=\"font-weight: 400;\"><strong>No dia 24 de setembro estiveram presentes 28 participantes na 1\u00aa a\u00e7\u00e3o de capacita\u00e7\u00e3o do projeto Dar Voz!\u00a0<\/strong><\/p>\n<p style=\"font-weight: 400;\">Este projeto, cofinanciado pelo INR I.P. quer informar autorrepresentantes de todos o pa\u00eds sobre direitos, participa\u00e7\u00e3o e ao mesmo tempo divulgar a Plataforma Nacional de Autorrepresentantes.<\/p>\n<p style=\"font-weight: 400;\">Fal\u00e1mos sobre a Conven\u00e7\u00e3o sobre os Direitos das Pessoas com Defici\u00eancia e apresent\u00e1mos os\u00a0 Guias \u2013 o guia de direitos e o guia para a participa\u00e7\u00e3o.<\/p>\n<p style=\"font-weight: 400;\">Tamb\u00e9m discutimos sobre o que queremos para as nossas vidas.<\/p>\n<p style=\"font-weight: 400;\">Os participantes ajudaram com exemplos de situa\u00e7\u00f5es que achavam que podiam estar nos guias.<\/p>\n<p style=\"font-weight: 400;\">No final, concord\u00e1mos que os participantes iam falar sobre estes temas na sua organiza\u00e7\u00e3o.<\/p>\n<p>&nbsp;<\/p>\n<p><img decoding=\"async\" loading=\"lazy\" id=\"longdesc-return-959\" class=\"alignnone size-medium wp-image-959\" tabindex=\"-1\" src=\"http:\/\/plataforma-autorrepresentantes.pt\/wp-content\/uploads\/2018\/11\/Logo1-300x267.jpg\" alt=\"\" width=\"300\" height=\"267\" longdesc=\"http:\/\/plataforma-autorrepresentantes.pt?longdesc=959&amp;referrer=1122\" srcset=\"https:\/\/plataforma-autorrepresentantes.pt\/wp-content\/uploads\/2018\/11\/Logo1-300x267.jpg 300w, https:\/\/plataforma-autorrepresentantes.pt\/wp-content\/uploads\/2018\/11\/Logo1.jpg 555w\" sizes=\"(max-width: 300px) 100vw, 300px\" \/><img decoding=\"async\" loading=\"lazy\" class=\"alignnone size-medium wp-image-803\" src=\"http:\/\/plataforma-autorrepresentantes.pt\/wp-content\/uploads\/2018\/06\/Logo_INR_CMYK-300x102.jpg\" alt=\"\" width=\"300\" height=\"102\" srcset=\"https:\/\/plataforma-autorrepresentantes.pt\/wp-content\/uploads\/2018\/06\/Logo_INR_CMYK-300x102.jpg 300w, https:\/\/plataforma-autorrepresentantes.pt\/wp-content\/uploads\/2018\/06\/Logo_INR_CMYK-768x260.jpg 768w, https:\/\/plataforma-autorrepresentantes.pt\/wp-content\/uploads\/2018\/06\/Logo_INR_CMYK-1024x347.jpg 1024w\" sizes=\"(max-width: 300px) 100vw, 300px\" \/><\/p>\n<p><img decoding=\"async\" loading=\"lazy\" class=\" wp-image-1124\" src=\"http:\/\/plataforma-autorrepresentantes.pt\/wp-content\/uploads\/2019\/01\/IMG_20180924_143014-300x159.jpg\" alt=\"\" width=\"342\" height=\"181\" srcset=\"https:\/\/plataforma-autorrepresentantes.pt\/wp-content\/uploads\/2019\/01\/IMG_20180924_143014-300x159.jpg 300w, https:\/\/plataforma-autorrepresentantes.pt\/wp-content\/uploads\/2019\/01\/IMG_20180924_143014-768x408.jpg 768w, https:\/\/plataforma-autorrepresentantes.pt\/wp-content\/uploads\/2019\/01\/IMG_20180924_143014.jpg 992w\" sizes=\"(max-width: 342px) 100vw, 342px\" \/><\/p>\n","protected":false},"excerpt":{"rendered":"<p>Projeto Dar Voz! \u2013 Espinho A\u00e7\u00e3o de capacita\u00e7\u00e3o em Espinho, no dia 24 de setembro No dia 24 de setembro estiveram presentes 28 participantes na 1\u00aa a\u00e7\u00e3o de capacita\u00e7\u00e3o do projeto Dar Voz!\u00a0 Este projeto, cofinanciado pelo INR I.P. quer informar autorrepresentantes de todos o pa\u00eds sobre direitos, participa\u00e7\u00e3o e ao mesmo tempo divulgar a [&hellip;]<\/p>\n","protected":false},"author":2,"featured_media":0,"parent":802,"menu_order":0,"comment_status":"closed","ping_status":"closed","template":"","meta":[],"_links":{"self":[{"href":"https:\/\/plataforma-autorrepresentantes.pt\/index.php?rest_route=\/wp\/v2\/pages\/1122"}],"collection":[{"href":"https:\/\/plataforma-autorrepresentantes.pt\/index.php?rest_route=\/wp\/v2\/pages"}],"about":[{"href":"https:\/\/plataforma-autorrepresentantes.pt\/index.php?rest_route=\/wp\/v2\/types\/page"}],"author":[{"embeddable":true,"href":"https:\/\/plataforma-autorrepresentantes.pt\/index.php?rest_route=\/wp\/v2\/users\/2"}],"replies":[{"embeddable":true,"href":"https:\/\/plataforma-autorrepresentantes.pt\/index.php?rest_route=%2Fwp%2Fv2%2Fcomments&post=1122"}],"version-history":[{"count":3,"href":"https:\/\/plataforma-autorrepresentantes.pt\/index.php?rest_route=\/wp\/v2\/pages\/1122\/revisions"}],"predecessor-version":[{"id":1126,"href":"https:\/\/plataforma-autorrepresentantes.pt\/index.php?rest_route=\/wp\/v2\/pages\/1122\/revisions\/1126"}],"up":[{"embeddable":true,"href":"https:\/\/plataforma-autorrepresentantes.pt\/index.php?rest_route=\/wp\/v2\/pages\/802"}],"wp:attachment":[{"href":"https:\/\/plataforma-autorrepresentantes.pt\/index.php?rest_route=%2Fwp%2Fv2%2Fmedia&parent=1122"}],"curies":[{"name":"wp","href":"https:\/\/api.w.org\/{rel}","templated":true}]}}