{"id":1179,"date":"2019-05-03T08:14:38","date_gmt":"2019-05-03T08:14:38","guid":{"rendered":"http:\/\/plataforma-autorrepresentantes.pt\/?page_id=1179"},"modified":"2022-07-07T16:55:33","modified_gmt":"2022-07-07T16:55:33","slug":"novas-noticias","status":"publish","type":"page","link":"https:\/\/plataforma-autorrepresentantes.pt\/?page_id=1179","title":{"rendered":"Novas noticias"},"content":{"rendered":"<p>Quer saber mais sobre cidadania? Quer aprender como as ferramentas digitais s\u00e3o importantes para o exerc\u00edcio de direitos civis e pol\u00edticos? Junte-se a n\u00f3s e ao projeto IDemocracy. Participe nestas a\u00e7\u00f5es de forma\u00e7\u00e3o. Contamos consigo!<\/p>\n<p>Inscri\u00e7\u00f5es at\u00e9 dia 25 de julho de 2022! <a href=\"https:\/\/forms.office.com\/Pages\/ResponsePage.aspx?id=fgbtb6vslk-y3dhB-BEjKYdyD-wCQutFvyu6LUs0RzNUMDVZTU8xQkRRNE85MklaWVI4OEc1RzBRUi4u\">Clique aqui!<\/a><\/p>\n<p>&nbsp;<\/p>\n<p>&nbsp;<\/p>\n<p>O projeto myPart (a minha parte) chegou ao fim!<\/p>\n<p><a href=\"https:\/\/mypart-project.eu\/?lang=pt-pt\">Podem ver aqui os resultados do projeto.<\/a><\/p>\n<p>Tem materiais formativos e tamb\u00e9m informativos.<\/p>\n<p>Podem ser muito \u00fateis para aumentar a participa\u00e7\u00e3o da vida p\u00fablica e pol\u00edtica das pessoas com defici\u00eancia intelectual!<\/p>\n<p>&nbsp;<\/p>\n<p>&nbsp;<\/p>\n<p>&nbsp;<\/p>\n","protected":false},"excerpt":{"rendered":"<p>Quer saber mais sobre cidadania? Quer aprender como as ferramentas digitais s\u00e3o importantes para o exerc\u00edcio de direitos civis e pol\u00edticos? Junte-se a n\u00f3s e ao projeto IDemocracy. Participe nestas a\u00e7\u00f5es de forma\u00e7\u00e3o. Contamos consigo! Inscri\u00e7\u00f5es at\u00e9 dia 25 de julho de 2022! Clique aqui! &nbsp; &nbsp; O projeto myPart (a minha parte) chegou ao [&hellip;]<\/p>\n","protected":false},"author":2,"featured_media":0,"parent":0,"menu_order":0,"comment_status":"closed","ping_status":"closed","template":"","meta":[],"_links":{"self":[{"href":"https:\/\/plataforma-autorrepresentantes.pt\/index.php?rest_route=\/wp\/v2\/pages\/1179"}],"collection":[{"href":"https:\/\/plataforma-autorrepresentantes.pt\/index.php?rest_route=\/wp\/v2\/pages"}],"about":[{"href":"https:\/\/plataforma-autorrepresentantes.pt\/index.php?rest_route=\/wp\/v2\/types\/page"}],"author":[{"embeddable":true,"href":"https:\/\/plataforma-autorrepresentantes.pt\/index.php?rest_route=\/wp\/v2\/users\/2"}],"replies":[{"embeddable":true,"href":"https:\/\/plataforma-autorrepresentantes.pt\/index.php?rest_route=%2Fwp%2Fv2%2Fcomments&post=1179"}],"version-history":[{"count":8,"href":"https:\/\/plataforma-autorrepresentantes.pt\/index.php?rest_route=\/wp\/v2\/pages\/1179\/revisions"}],"predecessor-version":[{"id":1217,"href":"https:\/\/plataforma-autorrepresentantes.pt\/index.php?rest_route=\/wp\/v2\/pages\/1179\/revisions\/1217"}],"wp:attachment":[{"href":"https:\/\/plataforma-autorrepresentantes.pt\/index.php?rest_route=%2Fwp%2Fv2%2Fmedia&parent=1179"}],"curies":[{"name":"wp","href":"https:\/\/api.w.org\/{rel}","templated":true}]}}