{"id":2,"date":"2016-03-04T07:58:50","date_gmt":"2016-03-04T07:58:50","guid":{"rendered":"http:\/\/plataforma-autorrepresentantes.pt\/?page_id=2"},"modified":"2022-03-22T17:04:22","modified_gmt":"2022-03-22T17:04:22","slug":"sample-page","status":"publish","type":"page","link":"https:\/\/plataforma-autorrepresentantes.pt\/?page_id=2","title":{"rendered":"Quem faz parte da Plataforma?"},"content":{"rendered":"<p>Fazem parte da PNAR\u00a0 95 Autorrepresentantes de todo o pa\u00eds.<\/p>\n<p>Estas pessoas v\u00eam de v\u00e1rios locais de Portugal.<\/p>\n<p><img decoding=\"async\" loading=\"lazy\" class=\"aligncenter wp-image-1490\" src=\"http:\/\/plataforma-autorrepresentantes.pt\/wp-content\/uploads\/2022\/03\/mapa-2-300x251.png\" alt=\"Mapa de Portugal com a indica\u00e7\u00e3o dos s\u00edtios que t\u00eam membros da PNAR\" width=\"500\" height=\"418\" srcset=\"https:\/\/plataforma-autorrepresentantes.pt\/wp-content\/uploads\/2022\/03\/mapa-2-300x251.png 300w, https:\/\/plataforma-autorrepresentantes.pt\/wp-content\/uploads\/2022\/03\/mapa-2-768x644.png 768w, https:\/\/plataforma-autorrepresentantes.pt\/wp-content\/uploads\/2022\/03\/mapa-2.png 940w\" sizes=\"(max-width: 500px) 100vw, 500px\" \/><\/p>\n<p>A PNAR tem membros de \u00c1gueda, Almod\u00f4var, Braga, Cascais, Condeixa, Espinho, \u00c9vora, Faro, Funchal, Guimar\u00e3es, Lisboa, Nazar\u00e9, Peniche, Pombal, Santa Maria da Feira , Santar\u00e9m, Santiago do Cac\u00e9m e Sintra.<\/p>\n","protected":false},"excerpt":{"rendered":"<p>Fazem parte da PNAR\u00a0 95 Autorrepresentantes de todo o pa\u00eds. Estas pessoas v\u00eam de v\u00e1rios locais de Portugal. A PNAR tem membros de \u00c1gueda, Almod\u00f4var, Braga, Cascais, Condeixa, Espinho, \u00c9vora, Faro, Funchal, Guimar\u00e3es, Lisboa, Nazar\u00e9, Peniche, Pombal, Santa Maria da Feira , Santar\u00e9m, Santiago do Cac\u00e9m e Sintra.<\/p>\n","protected":false},"author":1,"featured_media":0,"parent":0,"menu_order":0,"comment_status":"closed","ping_status":"open","template":"","meta":[],"_links":{"self":[{"href":"https:\/\/plataforma-autorrepresentantes.pt\/index.php?rest_route=\/wp\/v2\/pages\/2"}],"collection":[{"href":"https:\/\/plataforma-autorrepresentantes.pt\/index.php?rest_route=\/wp\/v2\/pages"}],"about":[{"href":"https:\/\/plataforma-autorrepresentantes.pt\/index.php?rest_route=\/wp\/v2\/types\/page"}],"author":[{"embeddable":true,"href":"https:\/\/plataforma-autorrepresentantes.pt\/index.php?rest_route=\/wp\/v2\/users\/1"}],"replies":[{"embeddable":true,"href":"https:\/\/plataforma-autorrepresentantes.pt\/index.php?rest_route=%2Fwp%2Fv2%2Fcomments&post=2"}],"version-history":[{"count":27,"href":"https:\/\/plataforma-autorrepresentantes.pt\/index.php?rest_route=\/wp\/v2\/pages\/2\/revisions"}],"predecessor-version":[{"id":1494,"href":"https:\/\/plataforma-autorrepresentantes.pt\/index.php?rest_route=\/wp\/v2\/pages\/2\/revisions\/1494"}],"wp:attachment":[{"href":"https:\/\/plataforma-autorrepresentantes.pt\/index.php?rest_route=%2Fwp%2Fv2%2Fmedia&parent=2"}],"curies":[{"name":"wp","href":"https:\/\/api.w.org\/{rel}","templated":true}]}}