{"id":574,"date":"2018-06-06T11:06:48","date_gmt":"2018-06-06T11:06:48","guid":{"rendered":"http:\/\/plataforma-autorrepresentantes.pt\/?page_id=574"},"modified":"2021-09-10T10:31:49","modified_gmt":"2021-09-10T10:31:49","slug":"materiais-informativos","status":"publish","type":"page","link":"https:\/\/plataforma-autorrepresentantes.pt\/?page_id=574","title":{"rendered":"Materiais  (in)formativos"},"content":{"rendered":"<p>Aqui podem encontrar materiais em leitura f\u00e1cil<\/p>\n<p>e podem encontrar outras informa\u00e7\u00f5es.<\/p>\n<p>Pode consultar a conven\u00e7\u00e3o das na\u00e7\u00f5es unidas sobre os direitos das pessoas com defici\u00eancia se clicar na imagem.<\/p>\n<figure style=\"width: 196px\" class=\"wp-caption alignnone\"><a href=\"https:\/\/www.fenacerci.pt\/convencao_flip\/\"><img decoding=\"async\" loading=\"lazy\" class=\" wp-image-579\" src=\"http:\/\/plataforma-autorrepresentantes.pt\/wp-content\/uploads\/2018\/06\/conven\u00e7ao-271x300.jpg\" alt=\"\" width=\"196\" height=\"217\" srcset=\"https:\/\/plataforma-autorrepresentantes.pt\/wp-content\/uploads\/2018\/06\/conven\u00e7ao-271x300.jpg 271w, https:\/\/plataforma-autorrepresentantes.pt\/wp-content\/uploads\/2018\/06\/conven\u00e7ao-768x852.jpg 768w, https:\/\/plataforma-autorrepresentantes.pt\/wp-content\/uploads\/2018\/06\/conven\u00e7ao.jpg 900w\" sizes=\"(max-width: 196px) 100vw, 196px\" \/><\/a><figcaption class=\"wp-caption-text\">Imagem da capa da Conven\u00e7\u00e3o em Leitura F\u00e1cil<\/figcaption><\/figure>\n<p style=\"text-align: left;\">\n","protected":false},"excerpt":{"rendered":"<p>Aqui podem encontrar materiais em leitura f\u00e1cil e podem encontrar outras informa\u00e7\u00f5es. Pode consultar a conven\u00e7\u00e3o das na\u00e7\u00f5es unidas sobre os direitos das pessoas com defici\u00eancia se clicar na imagem.<\/p>\n","protected":false},"author":2,"featured_media":0,"parent":0,"menu_order":0,"comment_status":"closed","ping_status":"closed","template":"","meta":[],"_links":{"self":[{"href":"https:\/\/plataforma-autorrepresentantes.pt\/index.php?rest_route=\/wp\/v2\/pages\/574"}],"collection":[{"href":"https:\/\/plataforma-autorrepresentantes.pt\/index.php?rest_route=\/wp\/v2\/pages"}],"about":[{"href":"https:\/\/plataforma-autorrepresentantes.pt\/index.php?rest_route=\/wp\/v2\/types\/page"}],"author":[{"embeddable":true,"href":"https:\/\/plataforma-autorrepresentantes.pt\/index.php?rest_route=\/wp\/v2\/users\/2"}],"replies":[{"embeddable":true,"href":"https:\/\/plataforma-autorrepresentantes.pt\/index.php?rest_route=%2Fwp%2Fv2%2Fcomments&post=574"}],"version-history":[{"count":14,"href":"https:\/\/plataforma-autorrepresentantes.pt\/index.php?rest_route=\/wp\/v2\/pages\/574\/revisions"}],"predecessor-version":[{"id":1426,"href":"https:\/\/plataforma-autorrepresentantes.pt\/index.php?rest_route=\/wp\/v2\/pages\/574\/revisions\/1426"}],"wp:attachment":[{"href":"https:\/\/plataforma-autorrepresentantes.pt\/index.php?rest_route=%2Fwp%2Fv2%2Fmedia&parent=574"}],"curies":[{"name":"wp","href":"https:\/\/api.w.org\/{rel}","templated":true}]}}