{"id":793,"date":"2018-06-11T12:01:40","date_gmt":"2018-06-11T12:01:40","guid":{"rendered":"http:\/\/plataforma-autorrepresentantes.pt\/?page_id=793"},"modified":"2018-06-11T12:01:40","modified_gmt":"2018-06-11T12:01:40","slug":"participacao-no-projeto-capacitar-para-ter-voz","status":"publish","type":"page","link":"https:\/\/plataforma-autorrepresentantes.pt\/?page_id=793","title":{"rendered":"Participa\u00e7\u00e3o no projeto Capacitar para ter Voz"},"content":{"rendered":"<p>Nos dia 3 e 4 de outubro estivemos em Castelo de Vide, para participar na V Edi\u00e7\u00e3o do projeto Capacitar para ter Voz.<\/p>\n<p>Fomos l\u00e1 para explicar o que \u00e9 a PNAR e para ficar a saber o que fazem os nossos colegas da zona do Alentejo.<\/p>\n<p>&nbsp;<\/p>\n<p><a href=\"http:\/\/plataforma-autorrepresentantes.pt\/wp-content\/uploads\/2017\/12\/capacitar-para-ter-voz.pdf\">Podem ver aqui o relat\u00f3rio desta participa\u00e7\u00e3o<\/a>.<\/p>\n","protected":false},"excerpt":{"rendered":"<p>Nos dia 3 e 4 de outubro estivemos em Castelo de Vide, para participar na V Edi\u00e7\u00e3o do projeto Capacitar para ter Voz. Fomos l\u00e1 para explicar o que \u00e9 a PNAR e para ficar a saber o que fazem os nossos colegas da zona do Alentejo. &nbsp; Podem ver aqui o relat\u00f3rio desta participa\u00e7\u00e3o.<\/p>\n","protected":false},"author":2,"featured_media":0,"parent":150,"menu_order":0,"comment_status":"closed","ping_status":"closed","template":"","meta":[],"_links":{"self":[{"href":"https:\/\/plataforma-autorrepresentantes.pt\/index.php?rest_route=\/wp\/v2\/pages\/793"}],"collection":[{"href":"https:\/\/plataforma-autorrepresentantes.pt\/index.php?rest_route=\/wp\/v2\/pages"}],"about":[{"href":"https:\/\/plataforma-autorrepresentantes.pt\/index.php?rest_route=\/wp\/v2\/types\/page"}],"author":[{"embeddable":true,"href":"https:\/\/plataforma-autorrepresentantes.pt\/index.php?rest_route=\/wp\/v2\/users\/2"}],"replies":[{"embeddable":true,"href":"https:\/\/plataforma-autorrepresentantes.pt\/index.php?rest_route=%2Fwp%2Fv2%2Fcomments&post=793"}],"version-history":[{"count":1,"href":"https:\/\/plataforma-autorrepresentantes.pt\/index.php?rest_route=\/wp\/v2\/pages\/793\/revisions"}],"predecessor-version":[{"id":794,"href":"https:\/\/plataforma-autorrepresentantes.pt\/index.php?rest_route=\/wp\/v2\/pages\/793\/revisions\/794"}],"up":[{"embeddable":true,"href":"https:\/\/plataforma-autorrepresentantes.pt\/index.php?rest_route=\/wp\/v2\/pages\/150"}],"wp:attachment":[{"href":"https:\/\/plataforma-autorrepresentantes.pt\/index.php?rest_route=%2Fwp%2Fv2%2Fmedia&parent=793"}],"curies":[{"name":"wp","href":"https:\/\/api.w.org\/{rel}","templated":true}]}}