{"id":802,"date":"2018-06-15T08:46:44","date_gmt":"2018-06-15T08:46:44","guid":{"rendered":"http:\/\/plataforma-autorrepresentantes.pt\/?page_id=802"},"modified":"2018-11-27T11:43:56","modified_gmt":"2018-11-27T11:43:56","slug":"projecto-dar-voz","status":"publish","type":"page","link":"https:\/\/plataforma-autorrepresentantes.pt\/?page_id=802","title":{"rendered":"Projecto dar voz"},"content":{"rendered":"<p>O projecto dar voz \u00e9 um projecto\u00a0 financiado pelo INR e vai ter os seguintes objectivos.<\/p>\n<p>1. A capacita\u00e7\u00e3o das pessoas com defici\u00eancia intelectual para a participa\u00e7\u00e3o social.<\/p>\n<p>2. O aumento da consci\u00eancia pol\u00edtica e da cidadania e das pessoas com defici\u00eancia intelectual<\/p>\n<p>3. Promo\u00e7\u00e3o da autonomia<\/p>\n<p>4.\u00a0 O apoio \u00e0 plataforma de autorrepresenta\u00e7\u00e3o<\/p>\n<p><img decoding=\"async\" loading=\"lazy\" class=\"alignnone size-medium wp-image-803\" src=\"http:\/\/plataforma-autorrepresentantes.pt\/wp-content\/uploads\/2018\/06\/Logo_INR_CMYK-300x102.jpg\" alt=\"\" width=\"300\" height=\"102\" srcset=\"https:\/\/plataforma-autorrepresentantes.pt\/wp-content\/uploads\/2018\/06\/Logo_INR_CMYK-300x102.jpg 300w, https:\/\/plataforma-autorrepresentantes.pt\/wp-content\/uploads\/2018\/06\/Logo_INR_CMYK-768x260.jpg 768w, https:\/\/plataforma-autorrepresentantes.pt\/wp-content\/uploads\/2018\/06\/Logo_INR_CMYK-1024x347.jpg 1024w\" sizes=\"(max-width: 300px) 100vw, 300px\" \/><img decoding=\"async\" loading=\"lazy\" class=\"alignnone  wp-image-959\" src=\"http:\/\/plataforma-autorrepresentantes.pt\/wp-content\/uploads\/2018\/11\/Logo1-300x267.jpg\" alt=\"\" width=\"252\" height=\"224\" srcset=\"https:\/\/plataforma-autorrepresentantes.pt\/wp-content\/uploads\/2018\/11\/Logo1-300x267.jpg 300w, https:\/\/plataforma-autorrepresentantes.pt\/wp-content\/uploads\/2018\/11\/Logo1.jpg 555w\" sizes=\"(max-width: 252px) 100vw, 252px\" \/><\/p>\n","protected":false},"excerpt":{"rendered":"<p>O projecto dar voz \u00e9 um projecto\u00a0 financiado pelo INR e vai ter os seguintes objectivos. 1. A capacita\u00e7\u00e3o das pessoas com defici\u00eancia intelectual para a participa\u00e7\u00e3o social. 2. O aumento da consci\u00eancia pol\u00edtica e da cidadania e das pessoas com defici\u00eancia intelectual 3. Promo\u00e7\u00e3o da autonomia 4.\u00a0 O apoio \u00e0 plataforma de autorrepresenta\u00e7\u00e3o<\/p>\n","protected":false},"author":2,"featured_media":0,"parent":150,"menu_order":0,"comment_status":"closed","ping_status":"closed","template":"","meta":[],"_links":{"self":[{"href":"https:\/\/plataforma-autorrepresentantes.pt\/index.php?rest_route=\/wp\/v2\/pages\/802"}],"collection":[{"href":"https:\/\/plataforma-autorrepresentantes.pt\/index.php?rest_route=\/wp\/v2\/pages"}],"about":[{"href":"https:\/\/plataforma-autorrepresentantes.pt\/index.php?rest_route=\/wp\/v2\/types\/page"}],"author":[{"embeddable":true,"href":"https:\/\/plataforma-autorrepresentantes.pt\/index.php?rest_route=\/wp\/v2\/users\/2"}],"replies":[{"embeddable":true,"href":"https:\/\/plataforma-autorrepresentantes.pt\/index.php?rest_route=%2Fwp%2Fv2%2Fcomments&post=802"}],"version-history":[{"count":3,"href":"https:\/\/plataforma-autorrepresentantes.pt\/index.php?rest_route=\/wp\/v2\/pages\/802\/revisions"}],"predecessor-version":[{"id":964,"href":"https:\/\/plataforma-autorrepresentantes.pt\/index.php?rest_route=\/wp\/v2\/pages\/802\/revisions\/964"}],"up":[{"embeddable":true,"href":"https:\/\/plataforma-autorrepresentantes.pt\/index.php?rest_route=\/wp\/v2\/pages\/150"}],"wp:attachment":[{"href":"https:\/\/plataforma-autorrepresentantes.pt\/index.php?rest_route=%2Fwp%2Fv2%2Fmedia&parent=802"}],"curies":[{"name":"wp","href":"https:\/\/api.w.org\/{rel}","templated":true}]}}