{"id":954,"date":"2018-11-12T13:02:04","date_gmt":"2018-11-12T13:02:04","guid":{"rendered":"http:\/\/plataforma-autorrepresentantes.pt\/?page_id=954"},"modified":"2018-11-28T09:54:09","modified_gmt":"2018-11-28T09:54:09","slug":"projeto-coesi","status":"publish","type":"page","link":"https:\/\/plataforma-autorrepresentantes.pt\/?page_id=954","title":{"rendered":"Projeto COESI"},"content":{"rendered":"<p><img decoding=\"async\" loading=\"lazy\" class=\"alignright wp-image-952\" src=\"http:\/\/plataforma-autorrepresentantes.pt\/wp-content\/uploads\/2018\/11\/Sem-T\u00edtulo.jpg\" alt=\"\" width=\"283\" height=\"175\" \/>No dia 3 de agosto um grupo de autorrepresentantes esteve a experimentar um question\u00e1rio que est\u00e1 a ser feito no projeto COESI.<\/p>\n<p>O projeto COESI \u00e9 um projeto para a inclus\u00e3o social.<\/p>\n<p>Este question\u00e1rio serve para perceber se as organiza\u00e7\u00f5es que nos apoiam s\u00e3o inclusivas.<\/p>\n<p>E se nos envolvem nos assuntos que nos dizem respeito.<\/p>\n<p>Vamos ficar \u00e0 espera de mais coisas do projeto COESI.<\/p>\n<p><img decoding=\"async\" loading=\"lazy\" class=\"size-medium wp-image-949\" src=\"http:\/\/plataforma-autorrepresentantes.pt\/wp-content\/uploads\/2018\/11\/IMG_20180802_111135-225x300.jpg\" alt=\"\" width=\"225\" height=\"300\" srcset=\"https:\/\/plataforma-autorrepresentantes.pt\/wp-content\/uploads\/2018\/11\/IMG_20180802_111135-225x300.jpg 225w, https:\/\/plataforma-autorrepresentantes.pt\/wp-content\/uploads\/2018\/11\/IMG_20180802_111135-768x1024.jpg 768w\" sizes=\"(max-width: 225px) 100vw, 225px\" \/><\/p>\n<p><img decoding=\"async\" loading=\"lazy\" class=\"size-medium wp-image-948\" src=\"http:\/\/plataforma-autorrepresentantes.pt\/wp-content\/uploads\/2018\/11\/IMG_20180802_105159-225x300.jpg\" alt=\"\" width=\"225\" height=\"300\" srcset=\"https:\/\/plataforma-autorrepresentantes.pt\/wp-content\/uploads\/2018\/11\/IMG_20180802_105159-225x300.jpg 225w, https:\/\/plataforma-autorrepresentantes.pt\/wp-content\/uploads\/2018\/11\/IMG_20180802_105159-768x1024.jpg 768w\" sizes=\"(max-width: 225px) 100vw, 225px\" \/><\/p>\n","protected":false},"excerpt":{"rendered":"<p>No dia 3 de agosto um grupo de autorrepresentantes esteve a experimentar um question\u00e1rio que est\u00e1 a ser feito no projeto COESI. O projeto COESI \u00e9 um projeto para a inclus\u00e3o social. Este question\u00e1rio serve para perceber se as organiza\u00e7\u00f5es que nos apoiam s\u00e3o inclusivas. E se nos envolvem nos assuntos que nos dizem respeito. [&hellip;]<\/p>\n","protected":false},"author":2,"featured_media":0,"parent":150,"menu_order":0,"comment_status":"closed","ping_status":"closed","template":"","meta":[],"_links":{"self":[{"href":"https:\/\/plataforma-autorrepresentantes.pt\/index.php?rest_route=\/wp\/v2\/pages\/954"}],"collection":[{"href":"https:\/\/plataforma-autorrepresentantes.pt\/index.php?rest_route=\/wp\/v2\/pages"}],"about":[{"href":"https:\/\/plataforma-autorrepresentantes.pt\/index.php?rest_route=\/wp\/v2\/types\/page"}],"author":[{"embeddable":true,"href":"https:\/\/plataforma-autorrepresentantes.pt\/index.php?rest_route=\/wp\/v2\/users\/2"}],"replies":[{"embeddable":true,"href":"https:\/\/plataforma-autorrepresentantes.pt\/index.php?rest_route=%2Fwp%2Fv2%2Fcomments&post=954"}],"version-history":[{"count":1,"href":"https:\/\/plataforma-autorrepresentantes.pt\/index.php?rest_route=\/wp\/v2\/pages\/954\/revisions"}],"predecessor-version":[{"id":955,"href":"https:\/\/plataforma-autorrepresentantes.pt\/index.php?rest_route=\/wp\/v2\/pages\/954\/revisions\/955"}],"up":[{"embeddable":true,"href":"https:\/\/plataforma-autorrepresentantes.pt\/index.php?rest_route=\/wp\/v2\/pages\/150"}],"wp:attachment":[{"href":"https:\/\/plataforma-autorrepresentantes.pt\/index.php?rest_route=%2Fwp%2Fv2%2Fmedia&parent=954"}],"curies":[{"name":"wp","href":"https:\/\/api.w.org\/{rel}","templated":true}]}}